{"id":10310,"date":"2024-11-07T14:27:37","date_gmt":"2024-11-07T14:27:37","guid":{"rendered":"https:\/\/sportup.se\/?page_id=10310"},"modified":"2025-11-19T11:46:13","modified_gmt":"2025-11-19T11:46:13","slug":"contact","status":"publish","type":"page","link":"https:\/\/sportup.se\/en\/contact\/","title":{"rendered":"Contact us"},"content":{"rendered":"<div id=\"fws_69dbb7d15e47f\"  data-column-margin=\"default\" data-midnight=\"dark\"  class=\"wpb_row vc_row-fluid vc_row\"  style=\"padding-top: 0px; padding-bottom: 0px; \"><div class=\"row-bg-wrap\" data-bg-animation=\"none\" data-bg-animation-delay=\"\" data-bg-overlay=\"false\"><div class=\"inner-wrap row-bg-layer\" ><div class=\"row-bg viewport-desktop\"  style=\"\"><\/div><\/div><\/div><div class=\"row_col_wrap_12 col span_12 dark left\">\n\t<div  class=\"vc_col-sm-12 wpb_column column_container vc_column_container col no-extra-padding inherit_tablet inherit_phone\"  data-padding-pos=\"all\" data-has-bg-color=\"false\" data-bg-color=\"\" data-bg-opacity=\"1\" data-animation=\"\" data-delay=\"0\" >\n\t\t<div class=\"vc_column-inner\" >\n\t\t\t<div class=\"wpb_wrapper\">\n\t\t\t\t\n<div class=\"wpb_text_column wpb_content_element\" >\n\t<div class=\"wpb_wrapper\">\n\t\t<div class=\"aioseo-breadcrumbs\"><span class=\"aioseo-breadcrumb\">\n\tHome\n<\/span><\/div>\n\t<\/div>\n<\/div>\n\n\n\n\n\t\t\t<\/div> \n\t\t<\/div>\n\t<\/div> \n<\/div><\/div>\n\t\t<div id=\"fws_69dbb7d15f176\"  data-column-margin=\"default\" data-midnight=\"dark\"  class=\"wpb_row vc_row-fluid vc_row\"  style=\"padding-top: 0px; padding-bottom: 0px; \"><div class=\"row-bg-wrap\" data-bg-animation=\"none\" data-bg-animation-delay=\"\" data-bg-overlay=\"false\"><div class=\"inner-wrap row-bg-layer\" ><div class=\"row-bg viewport-desktop\"  style=\"\"><\/div><\/div><\/div><div class=\"row_col_wrap_12 col span_12 dark left\">\n\t<div  class=\"vc_col-sm-12 wpb_column column_container vc_column_container col no-extra-padding inherit_tablet inherit_phone\"  data-padding-pos=\"all\" data-has-bg-color=\"false\" data-bg-color=\"\" data-bg-opacity=\"1\" data-animation=\"\" data-delay=\"0\" >\n\t\t<div class=\"vc_column-inner\" >\n\t\t\t<div class=\"wpb_wrapper\">\n\t\t\t\t\n<div class=\"wpb_text_column wpb_content_element\" >\n\t<div class=\"wpb_wrapper\">\n\t\t\t<\/div>\n<\/div>\n\n\n\n\n\t\t\t<\/div> \n\t\t<\/div>\n\t<\/div> \n<\/div><\/div>\n\t\t<div id=\"fws_69dbb7d15f81e\"  data-column-margin=\"default\" data-midnight=\"dark\"  class=\"wpb_row vc_row-fluid vc_row\"  style=\"padding-top: 0px; padding-bottom: 0px; \"><div class=\"row-bg-wrap\" data-bg-animation=\"none\" data-bg-animation-delay=\"\" data-bg-overlay=\"false\"><div class=\"inner-wrap row-bg-layer\" ><div class=\"row-bg viewport-desktop\"  style=\"\"><\/div><\/div><\/div><div class=\"row_col_wrap_12 col span_12 dark left\">\n\t<div  class=\"vc_col-sm-12 wpb_column column_container vc_column_container col no-extra-padding inherit_tablet inherit_phone\"  data-padding-pos=\"all\" data-has-bg-color=\"false\" data-bg-color=\"\" data-bg-opacity=\"1\" data-animation=\"\" data-delay=\"0\" >\n\t\t<div class=\"vc_column-inner\" >\n\t\t\t<div class=\"wpb_wrapper\">\n\t\t\t\t\n<div class=\"wpb_text_column wpb_content_element\" >\n\t<div class=\"wpb_wrapper\">\n\t\t<p><span class=\"group-hover\/language-learning:border-foreground border-subtle cursor-pointer hyphens-auto break-words border-b-2 border-dotted outline-none transition-colors duration-200 ease-out font-sans text-base font-medium text-foreground selection:bg-super\/50 selection:text-foreground dark:selection:bg-super\/10 dark:selection:text-super\">This website is exclusively managed by the company Moonbound.Ltd<\/span><\/p>\n<p><strong>If you are interested in a co-operation, please contact us at cxpxnhxgxn@gmail.com.<\/strong><\/p>\n<p>Opening hours of the support centre:<br \/>\nMonday - Friday: 09:00 - 17:00<br \/>\nSaturday - Sunday: Closed<\/p>\n<p>We aim to respond to all enquiries within 24 hours on weekdays.<\/p>\n<p>Follow us on social media:<br \/>\nKeep up to date with the latest news, sports reviews and events by following us on our social channels.<\/p>\n<p>Do you have a specific question?<br \/>\nCheck out our FAQ page for answers to the most frequently asked questions.<\/p>\n<p>We look forward to hearing from you!<\/p>\n\t<\/div>\n<\/div>\n\n\n\n\n\t\t\t<\/div> \n\t\t<\/div>\n\t<\/div> \n<\/div><\/div>","protected":false},"excerpt":{"rendered":"Home This website is exclusively managed by the company Moonbound.Ltd If you are interested in a co-operation, please contact us at cxpxnhxgxn@gmail.com. Support opening hours: Monday - Friday: 09:00 - 17:00 Saturday - Sunday: Closed We endeavour to answer...","protected":false},"author":7,"featured_media":0,"parent":0,"menu_order":0,"comment_status":"closed","ping_status":"closed","template":"","meta":{"_acf_changed":false,"inline_featured_image":false,"_glsr_average":0,"_glsr_ranking":0,"_glsr_reviews":0,"footnotes":""},"class_list":["post-10310","page","type-page","status-publish"],"acf":[],"aioseo_notices":[],"aioseo_head":"\n\t\t<!-- All in One SEO Pro 4.8.1.1 - aioseo.com -->\n\t<meta name=\"description\" content=\"Hem &gt; Kontakt Den h\u00e4r webbplatsen administreras excslusivt av f\u00f6retaget Moonbound.Ltd \u00c4r du intresserad av ett samarbete \u00e4r du v\u00e4lkommen att kontakta oss p\u00e5 cxpxnhxgxn@gmail.com. Supportens \u00f6ppettider: M\u00e5ndag \u2013 fredag: 09:00 \u2013 17:00 L\u00f6rdag \u2013 s\u00f6ndag: St\u00e4ngt Vi str\u00e4var efter att besvara alla f\u00f6rfr\u00e5gningar inom 24 timmar p\u00e5 vardagar. F\u00f6lj oss p\u00e5 sociala medier: H\u00e5ll\" \/>\n\t<meta name=\"robots\" content=\"max-image-preview:large\" \/>\n\t<link rel=\"canonical\" href=\"https:\/\/sportup.se\/en\/contact\/\" \/>\n\t<meta name=\"generator\" content=\"All in One SEO Pro (AIOSEO) 4.8.1.1\" \/>\n\t\t<meta property=\"og:locale\" content=\"en_GB\" \/>\n\t\t<meta property=\"og:site_name\" content=\"Sportup - SportUp \u00e4r en ideell svensk plattform som erbjuder faktabaserad och p\u00e5litlig information om idrottsstj\u00e4rnor och sporttrender. De anv\u00e4nder verkliga s\u00f6kdata och trov\u00e4rdiga k\u00e4llor f\u00f6r att ge en transparent och inspirerande bild av sporten. M\u00e5let \u00e4r att fr\u00e4mja engagemang och f\u00f6rebilder inom idrott, s\u00e4rskilt bland unga.\" \/>\n\t\t<meta property=\"og:type\" content=\"website\" \/>\n\t\t<meta property=\"og:title\" content=\"Kontakt - Sportup\" \/>\n\t\t<meta property=\"og:description\" content=\"Hem &gt; Kontakt Den h\u00e4r webbplatsen administreras excslusivt av f\u00f6retaget Moonbound.Ltd \u00c4r du intresserad av ett samarbete \u00e4r du v\u00e4lkommen att kontakta oss p\u00e5 cxpxnhxgxn@gmail.com. Supportens \u00f6ppettider: M\u00e5ndag \u2013 fredag: 09:00 \u2013 17:00 L\u00f6rdag \u2013 s\u00f6ndag: St\u00e4ngt Vi str\u00e4var efter att besvara alla f\u00f6rfr\u00e5gningar inom 24 timmar p\u00e5 vardagar. F\u00f6lj oss p\u00e5 sociala medier: H\u00e5ll\" \/>\n\t\t<meta property=\"og:url\" content=\"https:\/\/sportup.se\/en\/contact\/\" \/>\n\t\t<meta property=\"og:image\" content=\"https:\/\/sportup.se\/wp-content\/uploads\/2025\/05\/sportup-logo-for-fb.jpg\" \/>\n\t\t<meta property=\"og:image:secure_url\" content=\"https:\/\/sportup.se\/wp-content\/uploads\/2025\/05\/sportup-logo-for-fb.jpg\" \/>\n\t\t<meta property=\"og:image:width\" content=\"1200\" \/>\n\t\t<meta property=\"og:image:height\" content=\"630\" \/>\n\t\t<meta name=\"twitter:card\" content=\"summary_large_image\" \/>\n\t\t<meta name=\"twitter:site\" content=\"@MarekProch97105\" \/>\n\t\t<meta name=\"twitter:title\" content=\"Kontakt - Sportup\" \/>\n\t\t<meta name=\"twitter:description\" content=\"Hem &gt; Kontakt Den h\u00e4r webbplatsen administreras excslusivt av f\u00f6retaget Moonbound.Ltd \u00c4r du intresserad av ett samarbete \u00e4r du v\u00e4lkommen att kontakta oss p\u00e5 cxpxnhxgxn@gmail.com. Supportens \u00f6ppettider: M\u00e5ndag \u2013 fredag: 09:00 \u2013 17:00 L\u00f6rdag \u2013 s\u00f6ndag: St\u00e4ngt Vi str\u00e4var efter att besvara alla f\u00f6rfr\u00e5gningar inom 24 timmar p\u00e5 vardagar. F\u00f6lj oss p\u00e5 sociala medier: H\u00e5ll\" \/>\n\t\t<meta name=\"twitter:creator\" content=\"@MarekProch97105\" \/>\n\t\t<meta name=\"twitter:image\" content=\"https:\/\/sportup.se\/wp-content\/uploads\/2025\/05\/sportup-logo-for-x-twitter.jpg\" \/>\n\t\t<script type=\"application\/ld+json\" class=\"aioseo-schema\">\n\t\t\t{\"@context\":\"https:\\\/\\\/schema.org\",\"@graph\":[{\"@type\":\"BreadcrumbList\",\"@id\":\"https:\\\/\\\/sportup.se\\\/en\\\/contact\\\/#breadcrumblist\",\"itemListElement\":[{\"@type\":\"ListItem\",\"@id\":\"https:\\\/\\\/sportup.se\\\/en\\\/#listItem\",\"position\":1,\"name\":\"Home\",\"item\":\"https:\\\/\\\/sportup.se\\\/en\\\/\",\"nextItem\":{\"@type\":\"ListItem\",\"@id\":\"https:\\\/\\\/sportup.se\\\/en\\\/contact\\\/#listItem\",\"name\":\"Kontakt\"}},{\"@type\":\"ListItem\",\"@id\":\"https:\\\/\\\/sportup.se\\\/en\\\/contact\\\/#listItem\",\"position\":2,\"name\":\"Kontakt\",\"previousItem\":{\"@type\":\"ListItem\",\"@id\":\"https:\\\/\\\/sportup.se\\\/en\\\/#listItem\",\"name\":\"Home\"}}]},{\"@type\":\"Organization\",\"@id\":\"https:\\\/\\\/sportup.se\\\/en\\\/#organization\",\"name\":\"Sportup\",\"description\":\"SportUp \\u00e4r en ideell svensk plattform som erbjuder faktabaserad och p\\u00e5litlig information om idrottsstj\\u00e4rnor och sporttrender. De anv\\u00e4nder verkliga s\\u00f6kdata och trov\\u00e4rdiga k\\u00e4llor f\\u00f6r att ge en transparent och inspirerande bild av sporten. M\\u00e5let \\u00e4r att fr\\u00e4mja engagemang och f\\u00f6rebilder inom idrott, s\\u00e4rskilt bland unga.\",\"url\":\"https:\\\/\\\/sportup.se\\\/en\\\/\",\"logo\":{\"@type\":\"ImageObject\",\"url\":\"https:\\\/\\\/sportup.se\\\/wp-content\\\/uploads\\\/2025\\\/05\\\/sportup-logo-for-fb.jpg\",\"@id\":\"https:\\\/\\\/sportup.se\\\/en\\\/contact\\\/#organizationLogo\",\"width\":1200,\"height\":630},\"image\":{\"@id\":\"https:\\\/\\\/sportup.se\\\/en\\\/contact\\\/#organizationLogo\"},\"sameAs\":[\"https:\\\/\\\/x.com\\\/MarekProch97105\",\"https:\\\/\\\/www.linkedin.com\\\/in\\\/marek-prochzka-a44875328\\\/\"]},{\"@type\":\"WebPage\",\"@id\":\"https:\\\/\\\/sportup.se\\\/en\\\/contact\\\/#webpage\",\"url\":\"https:\\\/\\\/sportup.se\\\/en\\\/contact\\\/\",\"name\":\"Kontakt - Sportup\",\"description\":\"Hem > Kontakt Den h\\u00e4r webbplatsen administreras excslusivt av f\\u00f6retaget Moonbound.Ltd \\u00c4r du intresserad av ett samarbete \\u00e4r du v\\u00e4lkommen att kontakta oss p\\u00e5 cxpxnhxgxn@gmail.com. Supportens \\u00f6ppettider: M\\u00e5ndag \\u2013 fredag: 09:00 \\u2013 17:00 L\\u00f6rdag \\u2013 s\\u00f6ndag: St\\u00e4ngt Vi str\\u00e4var efter att besvara alla f\\u00f6rfr\\u00e5gningar inom 24 timmar p\\u00e5 vardagar. F\\u00f6lj oss p\\u00e5 sociala medier: H\\u00e5ll\",\"inLanguage\":\"en-GB\",\"isPartOf\":{\"@id\":\"https:\\\/\\\/sportup.se\\\/en\\\/#website\"},\"breadcrumb\":{\"@id\":\"https:\\\/\\\/sportup.se\\\/en\\\/contact\\\/#breadcrumblist\"},\"datePublished\":\"2024-11-07T14:27:37+00:00\",\"dateModified\":\"2025-11-19T11:46:13+00:00\"},{\"@type\":\"WebSite\",\"@id\":\"https:\\\/\\\/sportup.se\\\/en\\\/#website\",\"url\":\"https:\\\/\\\/sportup.se\\\/en\\\/\",\"name\":\"Sportup\",\"description\":\"SportUp \\u00e4r en ideell svensk plattform som erbjuder faktabaserad och p\\u00e5litlig information om idrottsstj\\u00e4rnor och sporttrender. De anv\\u00e4nder verkliga s\\u00f6kdata och trov\\u00e4rdiga k\\u00e4llor f\\u00f6r att ge en transparent och inspirerande bild av sporten. M\\u00e5let \\u00e4r att fr\\u00e4mja engagemang och f\\u00f6rebilder inom idrott, s\\u00e4rskilt bland unga.\",\"inLanguage\":\"en-GB\",\"publisher\":{\"@id\":\"https:\\\/\\\/sportup.se\\\/en\\\/#organization\"}}]}\n\t\t<\/script>\n\t\t<!-- All in One SEO Pro -->\r\n\t\t<title>Kontakt - Sportup<\/title>\n\n","aioseo_head_json":{"title":"Contact - Sportup","description":"Home &gt; Contact This website is exclusively managed by the company Moonbound.Ltd If you are interested in a co-operation, please contact us at cxpxnhxgxn@gmail.com. Support opening hours: Monday - Friday: 09:00 - 17:00 Saturday - Sunday: Closed We aim to respond to all enquiries within 24 hours on weekdays. Follow us on social media: Keep","canonical_url":"https:\/\/sportup.se\/en\/contact\/","robots":"max-image-preview:large","keywords":"","webmasterTools":{"miscellaneous":""},"schema":{"@context":"https:\/\/schema.org","@graph":[{"@type":"BreadcrumbList","@id":"https:\/\/sportup.se\/en\/contact\/#breadcrumblist","itemListElement":[{"@type":"ListItem","@id":"https:\/\/sportup.se\/en\/#listItem","position":1,"name":"Home","item":"https:\/\/sportup.se\/en\/","nextItem":{"@type":"ListItem","@id":"https:\/\/sportup.se\/en\/contact\/#listItem","name":"Kontakt"}},{"@type":"ListItem","@id":"https:\/\/sportup.se\/en\/contact\/#listItem","position":2,"name":"Kontakt","previousItem":{"@type":"ListItem","@id":"https:\/\/sportup.se\/en\/#listItem","name":"Home"}}]},{"@type":"Organization","@id":"https:\/\/sportup.se\/en\/#organization","name":"Sportup","description":"SportUp \u00e4r en ideell svensk plattform som erbjuder faktabaserad och p\u00e5litlig information om idrottsstj\u00e4rnor och sporttrender. De anv\u00e4nder verkliga s\u00f6kdata och trov\u00e4rdiga k\u00e4llor f\u00f6r att ge en transparent och inspirerande bild av sporten. M\u00e5let \u00e4r att fr\u00e4mja engagemang och f\u00f6rebilder inom idrott, s\u00e4rskilt bland unga.","url":"https:\/\/sportup.se\/en\/","logo":{"@type":"ImageObject","url":"https:\/\/sportup.se\/wp-content\/uploads\/2025\/05\/sportup-logo-for-fb.jpg","@id":"https:\/\/sportup.se\/en\/contact\/#organizationLogo","width":1200,"height":630},"image":{"@id":"https:\/\/sportup.se\/en\/contact\/#organizationLogo"},"sameAs":["https:\/\/x.com\/MarekProch97105","https:\/\/www.linkedin.com\/in\/marek-prochzka-a44875328\/"]},{"@type":"WebPage","@id":"https:\/\/sportup.se\/en\/contact\/#webpage","url":"https:\/\/sportup.se\/en\/contact\/","name":"Kontakt - Sportup","description":"Hem > Kontakt Den h\u00e4r webbplatsen administreras excslusivt av f\u00f6retaget Moonbound.Ltd \u00c4r du intresserad av ett samarbete \u00e4r du v\u00e4lkommen att kontakta oss p\u00e5 cxpxnhxgxn@gmail.com. Supportens \u00f6ppettider: M\u00e5ndag \u2013 fredag: 09:00 \u2013 17:00 L\u00f6rdag \u2013 s\u00f6ndag: St\u00e4ngt Vi str\u00e4var efter att besvara alla f\u00f6rfr\u00e5gningar inom 24 timmar p\u00e5 vardagar. F\u00f6lj oss p\u00e5 sociala medier: H\u00e5ll","inLanguage":"en-GB","isPartOf":{"@id":"https:\/\/sportup.se\/en\/#website"},"breadcrumb":{"@id":"https:\/\/sportup.se\/en\/contact\/#breadcrumblist"},"datePublished":"2024-11-07T14:27:37+00:00","dateModified":"2025-11-19T11:46:13+00:00"},{"@type":"WebSite","@id":"https:\/\/sportup.se\/en\/#website","url":"https:\/\/sportup.se\/en\/","name":"Sportup","description":"SportUp \u00e4r en ideell svensk plattform som erbjuder faktabaserad och p\u00e5litlig information om idrottsstj\u00e4rnor och sporttrender. De anv\u00e4nder verkliga s\u00f6kdata och trov\u00e4rdiga k\u00e4llor f\u00f6r att ge en transparent och inspirerande bild av sporten. M\u00e5let \u00e4r att fr\u00e4mja engagemang och f\u00f6rebilder inom idrott, s\u00e4rskilt bland unga.","inLanguage":"en-GB","publisher":{"@id":"https:\/\/sportup.se\/en\/#organization"}}]},"og:locale":"en_GB","og:site_name":"Sportup - SportUp \u00e4r en ideell svensk plattform som erbjuder faktabaserad och p\u00e5litlig information om idrottsstj\u00e4rnor och sporttrender. De anv\u00e4nder verkliga s\u00f6kdata och trov\u00e4rdiga k\u00e4llor f\u00f6r att ge en transparent och inspirerande bild av sporten. M\u00e5let \u00e4r att fr\u00e4mja engagemang och f\u00f6rebilder inom idrott, s\u00e4rskilt bland unga.","og:type":"website","og:title":"Kontakt - Sportup","og:description":"Hem &gt; Kontakt Den h\u00e4r webbplatsen administreras excslusivt av f\u00f6retaget Moonbound.Ltd \u00c4r du intresserad av ett samarbete \u00e4r du v\u00e4lkommen att kontakta oss p\u00e5 cxpxnhxgxn@gmail.com. Supportens \u00f6ppettider: M\u00e5ndag \u2013 fredag: 09:00 \u2013 17:00 L\u00f6rdag \u2013 s\u00f6ndag: St\u00e4ngt Vi str\u00e4var efter att besvara alla f\u00f6rfr\u00e5gningar inom 24 timmar p\u00e5 vardagar. F\u00f6lj oss p\u00e5 sociala medier: H\u00e5ll","og:url":"https:\/\/sportup.se\/en\/contact\/","og:image":"https:\/\/sportup.se\/wp-content\/uploads\/2025\/05\/sportup-logo-for-fb.jpg","og:image:secure_url":"https:\/\/sportup.se\/wp-content\/uploads\/2025\/05\/sportup-logo-for-fb.jpg","og:image:width":1200,"og:image:height":630,"twitter:card":"summary_large_image","twitter:site":"@MarekProch97105","twitter:title":"Kontakt - Sportup","twitter:description":"Hem &gt; Kontakt Den h\u00e4r webbplatsen administreras excslusivt av f\u00f6retaget Moonbound.Ltd \u00c4r du intresserad av ett samarbete \u00e4r du v\u00e4lkommen att kontakta oss p\u00e5 cxpxnhxgxn@gmail.com. Supportens \u00f6ppettider: M\u00e5ndag \u2013 fredag: 09:00 \u2013 17:00 L\u00f6rdag \u2013 s\u00f6ndag: St\u00e4ngt Vi str\u00e4var efter att besvara alla f\u00f6rfr\u00e5gningar inom 24 timmar p\u00e5 vardagar. F\u00f6lj oss p\u00e5 sociala medier: H\u00e5ll","twitter:creator":"@MarekProch97105","twitter:image":"https:\/\/sportup.se\/wp-content\/uploads\/2025\/05\/sportup-logo-for-x-twitter.jpg"},"aioseo_meta_data":{"post_id":"10310","title":null,"description":null,"keywords":null,"keyphrases":{"focus":{"keyphrase":"","score":38,"analysis":{"keyphraseInTitle":{"score":3,"maxScore":9,"error":1},"keyphraseInDescription":{"score":3,"maxScore":9,"error":1},"keyphraseLength":{"score":9,"maxScore":9,"error":0,"length":2},"keyphraseInURL":{"score":1,"maxScore":5,"error":1},"keyphraseInIntroduction":{"score":3,"maxScore":9,"error":1},"keyphraseInSubHeadings":[],"keyphraseInImageAlt":[],"keywordDensity":{"score":0,"type":"low","maxScore":9,"error":1}}},"additional":[]},"primary_term":null,"canonical_url":null,"og_title":null,"og_description":null,"og_object_type":"website","og_image_type":"default","og_image_url":null,"og_image_width":null,"og_image_height":null,"og_image_custom_url":null,"og_image_custom_fields":null,"og_video":"","og_custom_url":null,"og_article_section":null,"og_article_tags":null,"twitter_use_og":false,"twitter_card":"default","twitter_image_type":"default","twitter_image_url":null,"twitter_image_custom_url":null,"twitter_image_custom_fields":null,"twitter_title":null,"twitter_description":null,"schema":{"blockGraphs":[],"customGraphs":[],"default":{"data":{"Article":[],"Course":[],"Dataset":[],"FAQPage":[],"Movie":[],"Person":[],"Product":[],"ProductReview":[],"Car":[],"Recipe":[],"Service":[],"SoftwareApplication":[],"WebPage":[]},"graphName":"WebPage","isEnabled":true},"graphs":[]},"schema_type":"default","schema_type_options":null,"pillar_content":false,"robots_default":true,"robots_noindex":false,"robots_noarchive":false,"robots_nosnippet":false,"robots_nofollow":false,"robots_noimageindex":false,"robots_noodp":false,"robots_notranslate":false,"robots_max_snippet":"-1","robots_max_videopreview":"-1","robots_max_imagepreview":"large","priority":null,"frequency":"default","local_seo":null,"limit_modified_date":false,"reviewed_by":null,"open_ai":{"title":{"suggestions":[],"usage":0},"description":{"suggestions":[],"usage":0}},"created":"2024-11-07 14:24:37","updated":"2025-11-19 12:01:23"},"aioseo_breadcrumb":"<div class=\"aioseo-breadcrumbs\"><span class=\"aioseo-breadcrumb\">\n\t<a href=\"https:\/\/sportup.se\/en\" title=\"Hem\">Hem<\/a>\n<\/span><span class=\"aioseo-breadcrumb-separator\">&gt;<\/span><span class=\"aioseo-breadcrumb\">\n\tKontakt\n<\/span><\/div>","aioseo_breadcrumb_json":[{"label":"Hem","link":"https:\/\/sportup.se\/en"},{"label":"Kontakt","link":"https:\/\/sportup.se\/en\/contact\/"}],"_links":{"self":[{"href":"https:\/\/sportup.se\/en\/wp-json\/wp\/v2\/pages\/10310","targetHints":{"allow":["GET"]}}],"collection":[{"href":"https:\/\/sportup.se\/en\/wp-json\/wp\/v2\/pages"}],"about":[{"href":"https:\/\/sportup.se\/en\/wp-json\/wp\/v2\/types\/page"}],"author":[{"embeddable":true,"href":"https:\/\/sportup.se\/en\/wp-json\/wp\/v2\/users\/7"}],"replies":[{"embeddable":true,"href":"https:\/\/sportup.se\/en\/wp-json\/wp\/v2\/comments?post=10310"}],"version-history":[{"count":2,"href":"https:\/\/sportup.se\/en\/wp-json\/wp\/v2\/pages\/10310\/revisions"}],"predecessor-version":[{"id":12601,"href":"https:\/\/sportup.se\/en\/wp-json\/wp\/v2\/pages\/10310\/revisions\/12601"}],"wp:attachment":[{"href":"https:\/\/sportup.se\/en\/wp-json\/wp\/v2\/media?parent=10310"}],"curies":[{"name":"wp","href":"https:\/\/api.w.org\/{rel}","templated":true}]}}